{"id":13224,"date":"2026-02-10T11:22:12","date_gmt":"2026-02-10T10:22:12","guid":{"rendered":"https:\/\/cosmos3d.tech\/?page_id=13224"},"modified":"2026-02-10T11:22:12","modified_gmt":"2026-02-10T10:22:12","slug":"politica-de-cookies","status":"publish","type":"page","link":"https:\/\/cosmos3d.tech\/es\/politica-de-cookies\/","title":{"rendered":"Pol\u00edtica de Cookies"},"content":{"rendered":"<p class=\"p1\"><span class=\"s1\"><b>COSMOS 3D INNOVATECH INTERNATIONAL S.L <\/b>utiliza cookies para mejorar la experiencia de los visitantes de nuestros sitios web y ha publicado una pol\u00edtica nueva cookies. En ella se explica qu\u00e9 son las cookies y c\u00f3mo las utilizamos en nuestros sitios web.<\/span><\/p>\n<p class=\"p1\"><span class=\"s1\"><b>\u00bfQu\u00e9 es una cookie?<\/b><\/span><\/p>\n<p class=\"p1\"><span class=\"s1\">Las cookies son peque\u00f1os archivos, compuestos por una cadena de letras y n\u00fameros, ubicados en algunas ocasiones en su ordenador por los servidores de p\u00e1ginas web. Permiten que el propietario del sitio web le distinga de los dem\u00e1s usuarios del sitio. Las cookies no se pueden ejecutar como c\u00f3digo y no incorporan virus que nos permitan acceder a su disco duro. De este modo, no nos es posible acceder a la informaci\u00f3n de su disco duro, incluso si se almacenan cookies en \u00e9l.<\/span><\/p>\n<p class=\"p1\"><span class=\"s1\">Esta web utiliza &#8216;cookies&#8217; propias y de terceros para ofrecerte una mejor experiencia y servicio. Al navegar o utilizar nuestros servicios, aceptas el uso que hacemos de ellas. Puedes cambiar la configuraci\u00f3n de &#8216;cookies&#8217; en cualquier momento<\/span><\/p>\n<p class=\"p1\"><span class=\"s1\"><b>\u00bfC\u00f3mo se utilizan las cookies?<\/b><\/span><\/p>\n<p class=\"p1\"><span class=\"s1\">Los datos generados a trav\u00e9s de cookies en las p\u00e1ginas web de <b>COSMOS 3D INNOVATECH INTERNATIONAL S.L <\/b>se pueden utilizar para diversos fines, incluyendo los siguientes:<\/span><\/p>\n<ul>\n<li class=\"li2\"><span class=\"s1\">Para usos estrictamente necesarios: Estas cookies son esenciales a fin de que usted navegue por el sitio web y utilizar sus funciones, tales como el acceso a \u00e1reas seguras del sitio Web, recordar los art\u00edculos de tu lista de la compra, recordar en qu\u00e9 punto del pedido te encuentras.<\/span><\/li>\n<li class=\"li3\"><span class=\"s1\">Rendimiento: Las cookies recopilan informaci\u00f3n acerca de c\u00f3mo los visitantes usan un sitio web, por ejemplo, p\u00e1ginas que los visitantes van m\u00e1s a menudo y si reciben mensajes de error. Estas cookies se utilizan para mejorar un sitio web en versiones futuras, mejorar la experiencia del usuario, mejorar el funcionamiento del sitio web reduciendo el tiempo que tardan en cargarse las p\u00e1ginas que visitas.<\/span><\/li>\n<li class=\"li3\"><span class=\"s1\">Funcionalidad: Estas cookies permiten que el sitio web recuerde decisiones que usted toma accediendo a \u00e9l, como su nombre de usuario o el idioma y proporcionar una mejor experiencia de usuario. garantizar que el aspecto de la p\u00e1gina web es coherente, garantizar tu seguridad cuando inicias sesi\u00f3n<\/span><\/li>\n<li class=\"li3\"><span class=\"s1\">La focalizaci\u00f3n o la publicidad: Estas cookies se utilizan para entregar el contenido m\u00e1s relevante para usted y sus intereses.<\/span><\/li>\n<\/ul>\n<p class=\"p1\"><span class=\"s1\">No permitimos que terceros puedan anunciarse en nuestro sitio web, pero no podemos controlar los anunciantes que est\u00e1n permitidos por los proveedores de servicios de Internet para hacer publicidad mientras se navega en Internet.<\/span><\/p>\n<p class=\"p5\"><span class=\"s1\"><b>Tipos de cookies utilizadas<\/b><\/span><\/p>\n<p class=\"p5\"><span class=\"s1\">Este Web utiliza tanto cookies temporales de sesi\u00f3n como cookies permanentes. Las cookies de sesi\u00f3n almacenan datos \u00fanicamente mientras el usuario accede al Web y las cookies permanentes almacenan los datos en el terminal para que sean accedidos y utilizados en m\u00e1s de una sesi\u00f3n.<\/span><\/p>\n<p class=\"p5\"><span class=\"s1\">Seg\u00fan la finalidad para la que se traten los datos obtenidos a trav\u00e9s de las cookies, el Web puede utilizar:<\/span><\/p>\n<p class=\"p7\"><span class=\"s1\"><b><i>Cookies t\u00e9cnicas<\/i><\/b><\/span><\/p>\n<p class=\"p7\"><span class=\"s1\">Son aqu\u00e9llas que permiten al usuario la navegaci\u00f3n a trav\u00e9s de la p\u00e1gina Web o aplicaci\u00f3n y la utilizaci\u00f3n de las diferentes opciones o servicios que en ella existen. Por ejemplo, controlar el tr\u00e1fico y la comunicaci\u00f3n de datos, identificar la sesi\u00f3n, acceder a las partes Web de acceso restringido, recordar los elementos que integran un pedido, realizar la solicitud de inscripci\u00f3n o participaci\u00f3n en un evento, utilizar elementos de seguridad durante la navegaci\u00f3n y almacenar contenidos para la difusi\u00f3n de videos o sonido.<\/span><\/p>\n<p class=\"p7\"><span class=\"s1\"><b><i>Cookies de personalizaci\u00f3n<\/i><\/b><\/span><\/p>\n<p class=\"p7\"><span class=\"s1\">Son aqu\u00e9llas que permiten al usuario acceder al servicio con algunas caracter\u00edsticas de car\u00e1cter general predefinidas en su terminal o que el propio usuario defina. Por ejemplo, el idioma, el tipo de navegador a trav\u00e9s del cual accede al servicio, el dise\u00f1o de contenidos seleccionado, geolocalizaci\u00f3n del terminal y la configuraci\u00f3n regional desde donde se accede al servicio.<\/span><\/p>\n<p class=\"p7\"><span class=\"s1\"><b><i>Cookies publicitarias<\/i><\/b><\/span><\/p>\n<p class=\"p7\"><span class=\"s1\">Son aquellas que permiten la gesti\u00f3n eficaz de los espacios publicitarios que se han incluido en la p\u00e1gina Web o aplicaci\u00f3n desde la que se presta el servicio. Permiten adecuar el contenido de la publicidad para que esta sea relevante para el usuario y para evitar mostrar anuncios que el usuario ya haya visto.<\/span><\/p>\n<p class=\"p7\"><span class=\"s1\"><b><i>Cookies de an\u00e1lisis estad\u00edstico<\/i><\/b><\/span><\/p>\n<p class=\"p7\"><span class=\"s1\">Son aqu\u00e9llas que permiten realizar el seguimiento y an\u00e1lisis del comportamiento de los usuarios en los sitios Web. La informaci\u00f3n recogida mediante este tipo de cookies se utiliza en la medici\u00f3n de la actividad de los sitios Web, aplicaci\u00f3n o plataforma y para la elaboraci\u00f3n de perfiles de navegaci\u00f3n de los usuarios de dichos sitios, con el fin de introducir mejoras en el servicio en funci\u00f3n de los datos de uso que hacen los usuarios.<\/span><\/p>\n<p class=\"p9\"><span class=\"s1\"><b><i>Cookies de terceros<\/i><\/b><\/span><\/p>\n<p class=\"p9\"><span class=\"s1\">En algunas p\u00e1ginas Web se pueden instalar cookies de terceros que permiten gestionar y mejorar los servicios ofrecidos. Como, por ejemplo, servicios estad\u00edsticos de Google Analytics.<\/span><\/p>\n<p class=\"p9\"><span class=\"s3\"><strong>Cookies utilizadas<\/strong><\/span><\/p>\n<p class=\"p7\" style=\"padding-left: 30px;\"><span class=\"s1\"><a href=\"http:\/\/colido.es\/wp-content\/uploads\/2019\/01\/cky2018.png\"><img fetchpriority=\"high\" decoding=\"async\" class=\"alignleft wp-image-20463 size-full\" src=\"http:\/\/colido.es\/wp-content\/uploads\/2019\/01\/cky2018.png\" alt=\"\" width=\"549\" height=\"421\" \/><\/a><\/span><\/p>\n<p>&nbsp;<\/p>\n<p>&nbsp;<\/p>\n<p>&nbsp;<\/p>\n<p>&nbsp;<\/p>\n<p>&nbsp;<\/p>\n<p>&nbsp;<\/p>\n<p>&nbsp;<\/p>\n<p>&nbsp;<\/p>\n<p>&nbsp;<\/p>\n<p class=\"p12\"><span class=\"s3\"><strong>Administrar las cookies<\/strong><\/span><span class=\"s1\"><br \/>\n<\/span><\/p>\n<p class=\"p5\"><span class=\"s1\">El usuario tiene la opci\u00f3n de permitir, bloquear o eliminar las cookies instaladas en su equipo mediante la configuraci\u00f3n de las opciones del navegador instalado en su terminal.<\/span><\/p>\n<p class=\"p5\"><span class=\"s1\">A continuaci\u00f3n le ofrecemos enlaces en los que encontrar\u00e1 informaci\u00f3n sobre c\u00f3mo puede activar sus preferencias en los principales navegadores:<\/span><\/p>\n<p class=\"p13\"><span class=\"s1\"><a href=\"https:\/\/support.google.com\/chrome\/answer\/95647?hl=es\">Google Chrome<\/a><br \/>\n<a href=\"http:\/\/support.mozilla.org\/es\/kb\/cookies-informacion-que-los-sitios-web-guardan-en-?redirectlocale=en-US&amp;redirectslug=Cookies\">Mozilla Firefox<\/a><br \/>\n<a href=\"http:\/\/support.microsoft.com\/kb\/196955\/es\">Internet Explorer<\/a><br \/>\n<a href=\"http:\/\/www.apple.com\/es\/privacy\/use-of-cookies\/\">Safari<\/a><br \/>\n<a href=\"http:\/\/www.apple.com\/es\/privacy\/use-of-cookies\/\">Safari para IOS (iPhone, iPad)<\/a><br \/>\n<a href=\"http:\/\/www.macromedia.com\/support\/documentation\/es\/flashplayer\/help\/settings_manager07.html\">Cookies Flash<\/a><br \/>\n<a href=\"https:\/\/www.opera.com\/help\/tutorials\/security\/cookies\/\">Opera<\/a><br \/>\n<a href=\"https:\/\/support.google.com\/chrome\/answer\/2392971?hl=es\">Chrome para Android<\/a><\/span><\/p>\n<p class=\"p5\"><span class=\"s1\">Finalmente, puede usted dirigirse al portal Your Online Choices Choices d\u00f3nde adem\u00e1s de encontrar informaci\u00f3n \u00fatil, podr\u00e1 configurar, proveedor por proveedor, sus preferencias sobre las cookies publicitarias de terceros.<\/span><\/p>\n<p class=\"p5\"><span class=\"s1\">En algunos navegadores se pueden configurar reglas espec\u00edficas para administrar cookies por sitio Web, lo que ofrece un control m\u00e1s preciso sobre la privacidad. Esto significa que se puede inhabilitar cookies de todos los sitios salvo de aquellos en los que se conf\u00ede. <\/span><\/p>\n","protected":false},"excerpt":{"rendered":"<p>COSMOS 3D INNOVATECH INTERNATIONAL S.L utiliza cookies para mejorar la experiencia de los visitantes de nuestros sitios web y ha publicado una pol\u00edtica nueva cookies. En ella se explica qu\u00e9 son las cookies y c\u00f3mo las utilizamos en nuestros sitios web. \u00bfQu\u00e9 es una cookie? Las cookies son peque\u00f1os archivos, compuestos por una cadena de [&hellip;]<\/p>\n","protected":false},"author":1,"featured_media":0,"parent":0,"menu_order":0,"comment_status":"closed","ping_status":"closed","template":"","meta":{"iawp_total_views":0,"footnotes":""},"class_list":["post-13224","page","type-page","status-publish","hentry"],"yoast_head":"<!-- This site is optimized with the Yoast SEO Premium plugin v26.4 (Yoast SEO v27.0) - https:\/\/yoast.com\/product\/yoast-seo-premium-wordpress\/ -->\n<title>Pol\u00edtica de Cookies | COSMOS 3D<\/title>\n<meta name=\"description\" content=\"COSMOS 3D INNOVATECH INTERNATIONAL S.L utiliza cookies para mejorar la experiencia de los visitantes de nuestros sitios web y ha publicado una pol\u00edtica\" \/>\n<meta name=\"robots\" content=\"index, follow, max-snippet:-1, max-image-preview:large, max-video-preview:-1\" \/>\n<link rel=\"canonical\" href=\"https:\/\/cosmos3d.tech\/es\/politica-de-cookies\/\" \/>\n<meta property=\"og:locale\" content=\"es_ES\" \/>\n<meta property=\"og:type\" content=\"article\" \/>\n<meta property=\"og:title\" content=\"Pol\u00edtica de Cookies\" \/>\n<meta property=\"og:description\" content=\"COSMOS 3D INNOVATECH INTERNATIONAL S.L utiliza cookies para mejorar la experiencia de los visitantes de nuestros sitios web y ha publicado una pol\u00edtica\" \/>\n<meta property=\"og:url\" content=\"https:\/\/cosmos3d.tech\/es\/politica-de-cookies\/\" \/>\n<meta property=\"og:site_name\" content=\"Cosmos 3D\" \/>\n<meta property=\"og:image\" content=\"https:\/\/cosmos3d.tech\/wp-content\/uploads\/2025\/portada-cosmos-3d.jpg\" \/>\n\t<meta property=\"og:image:width\" content=\"1280\" \/>\n\t<meta property=\"og:image:height\" content=\"720\" \/>\n\t<meta property=\"og:image:type\" content=\"image\/jpeg\" \/>\n<meta name=\"twitter:card\" content=\"summary_large_image\" \/>\n<script type=\"application\/ld+json\" class=\"yoast-schema-graph\">{\"@context\":\"https:\/\/schema.org\",\"@graph\":[{\"@type\":\"WebPage\",\"@id\":\"https:\/\/cosmos3d.tech\/es\/politica-de-cookies\/\",\"url\":\"https:\/\/cosmos3d.tech\/es\/politica-de-cookies\/\",\"name\":\"Pol\u00edtica de Cookies | COSMOS 3D\",\"isPartOf\":{\"@id\":\"https:\/\/cosmos3d.tech\/#website\"},\"primaryImageOfPage\":{\"@id\":\"https:\/\/cosmos3d.tech\/es\/politica-de-cookies\/#primaryimage\"},\"image\":{\"@id\":\"https:\/\/cosmos3d.tech\/es\/politica-de-cookies\/#primaryimage\"},\"thumbnailUrl\":\"http:\/\/colido.es\/wp-content\/uploads\/2019\/01\/cky2018.png\",\"datePublished\":\"2026-02-10T10:22:12+00:00\",\"description\":\"COSMOS 3D INNOVATECH INTERNATIONAL S.L utiliza cookies para mejorar la experiencia de los visitantes de nuestros sitios web y ha publicado una pol\u00edtica\",\"breadcrumb\":{\"@id\":\"https:\/\/cosmos3d.tech\/es\/politica-de-cookies\/#breadcrumb\"},\"inLanguage\":\"es\",\"potentialAction\":[{\"@type\":\"ReadAction\",\"target\":[\"https:\/\/cosmos3d.tech\/es\/politica-de-cookies\/\"]}]},{\"@type\":\"ImageObject\",\"inLanguage\":\"es\",\"@id\":\"https:\/\/cosmos3d.tech\/es\/politica-de-cookies\/#primaryimage\",\"url\":\"http:\/\/colido.es\/wp-content\/uploads\/2019\/01\/cky2018.png\",\"contentUrl\":\"http:\/\/colido.es\/wp-content\/uploads\/2019\/01\/cky2018.png\"},{\"@type\":\"BreadcrumbList\",\"@id\":\"https:\/\/cosmos3d.tech\/es\/politica-de-cookies\/#breadcrumb\",\"itemListElement\":[{\"@type\":\"ListItem\",\"position\":1,\"name\":\"Portada\",\"item\":\"https:\/\/cosmos3d.tech\/\"},{\"@type\":\"ListItem\",\"position\":2,\"name\":\"Pol\u00edtica de Cookies\"}]},{\"@type\":\"WebSite\",\"@id\":\"https:\/\/cosmos3d.tech\/#website\",\"url\":\"https:\/\/cosmos3d.tech\/\",\"name\":\"Cosmos 3D\",\"description\":\"Soluciones de impresi\u00f3n 3D para la construcci\u00f3n\",\"publisher\":{\"@id\":\"https:\/\/cosmos3d.tech\/#organization\"},\"alternateName\":\"Cosmos 3D Innovatech\",\"potentialAction\":[{\"@type\":\"SearchAction\",\"target\":{\"@type\":\"EntryPoint\",\"urlTemplate\":\"https:\/\/cosmos3d.tech\/?s={search_term_string}\"},\"query-input\":{\"@type\":\"PropertyValueSpecification\",\"valueRequired\":true,\"valueName\":\"search_term_string\"}}],\"inLanguage\":\"es\"},{\"@type\":[\"Organization\",\"Place\",\"HomeAndConstructionBusiness\"],\"@id\":\"https:\/\/cosmos3d.tech\/#organization\",\"name\":\"Cosmos 3D Innovatech\",\"alternateName\":\"Cosmos 3D\",\"url\":\"https:\/\/cosmos3d.tech\/\",\"logo\":{\"@id\":\"https:\/\/cosmos3d.tech\/es\/politica-de-cookies\/#local-main-organization-logo\"},\"image\":{\"@id\":\"https:\/\/cosmos3d.tech\/es\/politica-de-cookies\/#local-main-organization-logo\"},\"sameAs\":[\"https:\/\/www.instagram.com\/cosmos3d_tech\/\",\"https:\/\/www.linkedin.com\/company\/cosmos-3d\/\",\"https:\/\/www.youtube.com\/channel\/UCp6lU-qgQ041c0EyNGDQ_GQ\"],\"description\":\"En Cosmos 3D apostamos por la innovaci\u00f3n mediante tecnolog\u00eda de impresi\u00f3n 3D avanzada, proporcionando soluciones eficientes y sostenibles que est\u00e1n revolucionando el sector de la construcci\u00f3n. Nuestros sistemas de impresi\u00f3n 3D aseguran rapidez, precisi\u00f3n y fiabilidad, ofreciendo una clara ventaja competitiva en cada obra. Desde estructuras modulares hasta viviendas impresas a gran escala, brindamos soluciones completas para proyectos de construcci\u00f3n con impresi\u00f3n 3D (3DCP). Adem\u00e1s, mantenemos un firme compromiso con el medio ambiente y la sostenibilidad, participando en iniciativas internacionales como la UN COP28 y contribuyendo a una industria de la construcci\u00f3n m\u00e1s responsable.\",\"legalName\":\"Cosmos 3D Innovatech International\",\"foundingDate\":\"2023-06-12\",\"numberOfEmployees\":{\"@type\":\"QuantitativeValue\",\"minValue\":\"1\",\"maxValue\":\"10\"},\"address\":{\"@id\":\"https:\/\/cosmos3d.tech\/es\/politica-de-cookies\/#local-main-place-address\"},\"geo\":{\"@type\":\"GeoCoordinates\",\"latitude\":\"39.67995785\",\"longitude\":\"0.27841866\"},\"telephone\":[\"(+34) 96 118 83 30\"],\"openingHoursSpecification\":[{\"@type\":\"OpeningHoursSpecification\",\"dayOfWeek\":[\"Monday\",\"Tuesday\",\"Wednesday\",\"Thursday\",\"Friday\"],\"opens\":\"09:00\",\"closes\":\"18:00\"},{\"@type\":\"OpeningHoursSpecification\",\"dayOfWeek\":[\"Saturday\",\"Sunday\"],\"opens\":\"00:00\",\"closes\":\"00:00\"}],\"email\":\"info@cosmos3d.com\"},{\"@type\":\"PostalAddress\",\"@id\":\"https:\/\/cosmos3d.tech\/es\/politica-de-cookies\/#local-main-place-address\",\"streetAddress\":\"Sierra Calderona 1\",\"addressLocality\":\"Puerto Sagunto\",\"postalCode\":\"46520\",\"addressRegion\":\"Valencia\",\"addressCountry\":\"ES\"},{\"@type\":\"ImageObject\",\"inLanguage\":\"es\",\"@id\":\"https:\/\/cosmos3d.tech\/es\/politica-de-cookies\/#local-main-organization-logo\",\"url\":\"https:\/\/cosmos3d.tech\/wp-content\/uploads\/2023\/06\/icono-logo-cosmos-blanco-azul.png\",\"contentUrl\":\"https:\/\/cosmos3d.tech\/wp-content\/uploads\/2023\/06\/icono-logo-cosmos-blanco-azul.png\",\"width\":792,\"height\":538,\"caption\":\"Cosmos 3D Innovatech\"}]}<\/script>\n<meta name=\"geo.placename\" content=\"Puerto Sagunto\" \/>\n<meta name=\"geo.position\" content=\"39.67995785;0.27841866\" \/>\n<meta name=\"geo.region\" content=\"Espa\u00f1a\" \/>\n<!-- \/ Yoast SEO Premium plugin. -->","yoast_head_json":{"title":"Pol\u00edtica de Cookies | COSMOS 3D","description":"COSMOS 3D INNOVATECH INTERNATIONAL S.L utiliza cookies para mejorar la experiencia de los visitantes de nuestros sitios web y ha publicado una pol\u00edtica","robots":{"index":"index","follow":"follow","max-snippet":"max-snippet:-1","max-image-preview":"max-image-preview:large","max-video-preview":"max-video-preview:-1"},"canonical":"https:\/\/cosmos3d.tech\/es\/politica-de-cookies\/","og_locale":"es_ES","og_type":"article","og_title":"Pol\u00edtica de Cookies","og_description":"COSMOS 3D INNOVATECH INTERNATIONAL S.L utiliza cookies para mejorar la experiencia de los visitantes de nuestros sitios web y ha publicado una pol\u00edtica","og_url":"https:\/\/cosmos3d.tech\/es\/politica-de-cookies\/","og_site_name":"Cosmos 3D","og_image":[{"width":1280,"height":720,"url":"https:\/\/cosmos3d.tech\/wp-content\/uploads\/2025\/portada-cosmos-3d.jpg","type":"image\/jpeg"}],"twitter_card":"summary_large_image","schema":{"@context":"https:\/\/schema.org","@graph":[{"@type":"WebPage","@id":"https:\/\/cosmos3d.tech\/es\/politica-de-cookies\/","url":"https:\/\/cosmos3d.tech\/es\/politica-de-cookies\/","name":"Pol\u00edtica de Cookies | COSMOS 3D","isPartOf":{"@id":"https:\/\/cosmos3d.tech\/#website"},"primaryImageOfPage":{"@id":"https:\/\/cosmos3d.tech\/es\/politica-de-cookies\/#primaryimage"},"image":{"@id":"https:\/\/cosmos3d.tech\/es\/politica-de-cookies\/#primaryimage"},"thumbnailUrl":"http:\/\/colido.es\/wp-content\/uploads\/2019\/01\/cky2018.png","datePublished":"2026-02-10T10:22:12+00:00","description":"COSMOS 3D INNOVATECH INTERNATIONAL S.L utiliza cookies para mejorar la experiencia de los visitantes de nuestros sitios web y ha publicado una pol\u00edtica","breadcrumb":{"@id":"https:\/\/cosmos3d.tech\/es\/politica-de-cookies\/#breadcrumb"},"inLanguage":"es","potentialAction":[{"@type":"ReadAction","target":["https:\/\/cosmos3d.tech\/es\/politica-de-cookies\/"]}]},{"@type":"ImageObject","inLanguage":"es","@id":"https:\/\/cosmos3d.tech\/es\/politica-de-cookies\/#primaryimage","url":"http:\/\/colido.es\/wp-content\/uploads\/2019\/01\/cky2018.png","contentUrl":"http:\/\/colido.es\/wp-content\/uploads\/2019\/01\/cky2018.png"},{"@type":"BreadcrumbList","@id":"https:\/\/cosmos3d.tech\/es\/politica-de-cookies\/#breadcrumb","itemListElement":[{"@type":"ListItem","position":1,"name":"Portada","item":"https:\/\/cosmos3d.tech\/"},{"@type":"ListItem","position":2,"name":"Pol\u00edtica de Cookies"}]},{"@type":"WebSite","@id":"https:\/\/cosmos3d.tech\/#website","url":"https:\/\/cosmos3d.tech\/","name":"Cosmos 3D","description":"Soluciones de impresi\u00f3n 3D para la construcci\u00f3n","publisher":{"@id":"https:\/\/cosmos3d.tech\/#organization"},"alternateName":"Cosmos 3D Innovatech","potentialAction":[{"@type":"SearchAction","target":{"@type":"EntryPoint","urlTemplate":"https:\/\/cosmos3d.tech\/?s={search_term_string}"},"query-input":{"@type":"PropertyValueSpecification","valueRequired":true,"valueName":"search_term_string"}}],"inLanguage":"es"},{"@type":["Organization","Place","HomeAndConstructionBusiness"],"@id":"https:\/\/cosmos3d.tech\/#organization","name":"Cosmos 3D Innovatech","alternateName":"Cosmos 3D","url":"https:\/\/cosmos3d.tech\/","logo":{"@id":"https:\/\/cosmos3d.tech\/es\/politica-de-cookies\/#local-main-organization-logo"},"image":{"@id":"https:\/\/cosmos3d.tech\/es\/politica-de-cookies\/#local-main-organization-logo"},"sameAs":["https:\/\/www.instagram.com\/cosmos3d_tech\/","https:\/\/www.linkedin.com\/company\/cosmos-3d\/","https:\/\/www.youtube.com\/channel\/UCp6lU-qgQ041c0EyNGDQ_GQ"],"description":"En Cosmos 3D apostamos por la innovaci\u00f3n mediante tecnolog\u00eda de impresi\u00f3n 3D avanzada, proporcionando soluciones eficientes y sostenibles que est\u00e1n revolucionando el sector de la construcci\u00f3n. Nuestros sistemas de impresi\u00f3n 3D aseguran rapidez, precisi\u00f3n y fiabilidad, ofreciendo una clara ventaja competitiva en cada obra. Desde estructuras modulares hasta viviendas impresas a gran escala, brindamos soluciones completas para proyectos de construcci\u00f3n con impresi\u00f3n 3D (3DCP). Adem\u00e1s, mantenemos un firme compromiso con el medio ambiente y la sostenibilidad, participando en iniciativas internacionales como la UN COP28 y contribuyendo a una industria de la construcci\u00f3n m\u00e1s responsable.","legalName":"Cosmos 3D Innovatech International","foundingDate":"2023-06-12","numberOfEmployees":{"@type":"QuantitativeValue","minValue":"1","maxValue":"10"},"address":{"@id":"https:\/\/cosmos3d.tech\/es\/politica-de-cookies\/#local-main-place-address"},"geo":{"@type":"GeoCoordinates","latitude":"39.67995785","longitude":"0.27841866"},"telephone":["(+34) 96 118 83 30"],"openingHoursSpecification":[{"@type":"OpeningHoursSpecification","dayOfWeek":["Monday","Tuesday","Wednesday","Thursday","Friday"],"opens":"09:00","closes":"18:00"},{"@type":"OpeningHoursSpecification","dayOfWeek":["Saturday","Sunday"],"opens":"00:00","closes":"00:00"}],"email":"info@cosmos3d.com"},{"@type":"PostalAddress","@id":"https:\/\/cosmos3d.tech\/es\/politica-de-cookies\/#local-main-place-address","streetAddress":"Sierra Calderona 1","addressLocality":"Puerto Sagunto","postalCode":"46520","addressRegion":"Valencia","addressCountry":"ES"},{"@type":"ImageObject","inLanguage":"es","@id":"https:\/\/cosmos3d.tech\/es\/politica-de-cookies\/#local-main-organization-logo","url":"https:\/\/cosmos3d.tech\/wp-content\/uploads\/2023\/06\/icono-logo-cosmos-blanco-azul.png","contentUrl":"https:\/\/cosmos3d.tech\/wp-content\/uploads\/2023\/06\/icono-logo-cosmos-blanco-azul.png","width":792,"height":538,"caption":"Cosmos 3D Innovatech"}]},"geo.placename":"Puerto Sagunto","geo.position":{"lat":"39.67995785","long":"0.27841866"},"geo.region":"Espa\u00f1a"},"_links":{"self":[{"href":"https:\/\/cosmos3d.tech\/es\/wp-json\/wp\/v2\/pages\/13224","targetHints":{"allow":["GET"]}}],"collection":[{"href":"https:\/\/cosmos3d.tech\/es\/wp-json\/wp\/v2\/pages"}],"about":[{"href":"https:\/\/cosmos3d.tech\/es\/wp-json\/wp\/v2\/types\/page"}],"author":[{"embeddable":true,"href":"https:\/\/cosmos3d.tech\/es\/wp-json\/wp\/v2\/users\/1"}],"replies":[{"embeddable":true,"href":"https:\/\/cosmos3d.tech\/es\/wp-json\/wp\/v2\/comments?post=13224"}],"version-history":[{"count":1,"href":"https:\/\/cosmos3d.tech\/es\/wp-json\/wp\/v2\/pages\/13224\/revisions"}],"predecessor-version":[{"id":19219,"href":"https:\/\/cosmos3d.tech\/es\/wp-json\/wp\/v2\/pages\/13224\/revisions\/19219"}],"wp:attachment":[{"href":"https:\/\/cosmos3d.tech\/es\/wp-json\/wp\/v2\/media?parent=13224"}],"curies":[{"name":"wp","href":"https:\/\/api.w.org\/{rel}","templated":true}]}}