{"id":18237,"date":"2026-01-30T11:51:59","date_gmt":"2026-01-30T10:51:59","guid":{"rendered":"https:\/\/cosmos3d.tech\/transparence\/"},"modified":"2026-02-17T11:12:04","modified_gmt":"2026-02-17T10:12:04","slug":"transparencia","status":"publish","type":"page","link":"https:\/\/cosmos3d.tech\/es\/transparencia\/","title":{"rendered":"Transparencia"},"content":{"rendered":"\t\t<div data-elementor-type=\"wp-page\" data-elementor-id=\"18237\" class=\"elementor elementor-18237 elementor-18208\" data-elementor-post-type=\"page\">\n\t\t\t\t<div class=\"elementor-element elementor-element-a5f8cdd section-c e-flex e-con-boxed e-con e-parent\" data-id=\"a5f8cdd\" data-element_type=\"container\" data-e-type=\"container\">\n\t\t\t\t\t<div class=\"e-con-inner\">\n\t\t\t\t<div class=\"elementor-element elementor-element-2574fdd elementor-widget elementor-widget-heading\" data-id=\"2574fdd\" data-element_type=\"widget\" data-e-type=\"widget\" data-widget_type=\"heading.default\">\n\t\t\t\t<div class=\"elementor-widget-container\">\n\t\t\t\t\t<h1 class=\"elementor-heading-title elementor-size-default\">Transparencia<\/h1>\t\t\t\t<\/div>\n\t\t\t\t<\/div>\n\t\t\t\t\t<\/div>\n\t\t\t\t<\/div>\n\t\t<div class=\"elementor-element elementor-element-afdaf54 section-a e-flex e-con-boxed e-con e-parent\" data-id=\"afdaf54\" data-element_type=\"container\" data-e-type=\"container\">\n\t\t\t\t\t<div class=\"e-con-inner\">\n\t\t\t\t<div class=\"elementor-element elementor-element-74cda6c elementor-widget elementor-widget-heading\" data-id=\"74cda6c\" data-element_type=\"widget\" data-e-type=\"widget\" data-widget_type=\"heading.default\">\n\t\t\t\t<div class=\"elementor-widget-container\">\n\t\t\t\t\t<h2 class=\"elementor-heading-title elementor-size-default\">Subvenciones<\/h2>\t\t\t\t<\/div>\n\t\t\t\t<\/div>\n\t\t<div class=\"elementor-element elementor-element-80bb631 e-con-full allow-padding e-flex e-con e-child\" data-id=\"80bb631\" data-element_type=\"container\" data-e-type=\"container\" data-settings=\"{&quot;background_background&quot;:&quot;classic&quot;}\">\n\t\t\t\t<div class=\"elementor-element elementor-element-b44ffb0 elementor-widget elementor-widget-text-editor\" data-id=\"b44ffb0\" data-element_type=\"widget\" data-e-type=\"widget\" data-widget_type=\"text-editor.default\">\n\t\t\t\t<div class=\"elementor-widget-container\">\n\t\t\t\t\t\t\t\t\t<h6>Acceso al Portal de Transparencia<\/h6><p>En cumplimiento de la normativa de transparencia de la Generalitat Valenciana, la informaci\u00f3n relativa a esta ayuda puede consultarse en el Portal de Transparencia \u2013 GVA Oberta:<\/p><p><a href=\"https:\/\/gvaoberta.gva.es\/es\/consulta-entitats-tep?p_auth=P77J4g9p&amp;p_p_id=buscadorTEP_WAR_buscadorTEPportlet&amp;p_p_lifecycle=1&amp;p_p_state=normal&amp;p_p_mode=view&amp;p_p_col_id=column-1&amp;p_p_col_pos=1&amp;p_p_col_count=2&amp;_buscadorTEP_WAR_buscadorTEPportlet_javax.portlet.action=buscadorTEPPortlet\">Consultar informaci\u00f3n oficial<\/a><\/p>\t\t\t\t\t\t\t\t<\/div>\n\t\t\t\t<\/div>\n\t\t\t\t<\/div>\n\t\t<div class=\"elementor-element elementor-element-67f3b33 e-con-full allow-padding e-flex e-con e-child\" data-id=\"67f3b33\" data-element_type=\"container\" data-e-type=\"container\" data-settings=\"{&quot;background_background&quot;:&quot;classic&quot;}\">\n\t\t\t\t<div class=\"elementor-element elementor-element-524c593 elementor-widget elementor-widget-text-editor\" data-id=\"524c593\" data-element_type=\"widget\" data-e-type=\"widget\" data-widget_type=\"text-editor.default\">\n\t\t\t\t<div class=\"elementor-widget-container\">\n\t\t\t\t\t\t\t\t\t<p><img decoding=\"async\" class=\"alignnone size-full wp-image-18220\" title=\"Ayudas al impulso cv removebg preview 1\" src=\"https:\/\/cosmos3d.tech\/wp-content\/uploads\/2026\/ayudas-al-impulso-cv-removebg-preview-1-1.png\" alt=\"Ayudas al impulso cv removebg preview 1\" width=\"337\" height=\"118\" \/><\/p><p><strong>Cosmos 3D Innovatech International SL<\/strong> ha recibido una subvenci\u00f3n concedida por la Generalitat Valenciana, correspondiente al ejercicio 2023, en el marco de las obligaciones de publicidad y transparencia establecidas en la normativa vigente.<\/p><p>Esta publicaci\u00f3n se realiza en cumplimiento de lo dispuesto en la normativa de transparencia aplicable a las entidades beneficiarias de ayudas p\u00fablicas.<\/p><ul><li><strong>Expediente<\/strong>: INNEST\/2023\/421<\/li><li><strong>Programa<\/strong>: Programa Comunidad Valenciana Fondo Europeo de Desarrollo Regional (FEDER) 2021-2027<\/li><li><strong>Subvenci\u00f3n concedida<\/strong>: 257.558,00\u20ac<\/li><\/ul><p>\u00a0<\/p><hr style=\"width: 100%; margin-bottom: 20px;\" \/><p><img decoding=\"async\" class=\"alignnone size-full wp-image-18262\" title=\"Ayudes al impulso cv\" src=\"https:\/\/cosmos3d.tech\/wp-content\/uploads\/2026\/ayudes-al-impulso-cv.png\" alt=\"Ayudes al impulso cv\" width=\"331\" height=\"119\" \/><\/p><p><strong>Cosmos 3D Innovatech International SL<\/strong>\u00a0ha rebut una subvenci\u00f3 concedida per la Generalitat Valenciana, corresponent a l\u2019exercici 2023, dins de l\u2019\u00e0mbit de les obligacions de publicitat i transpar\u00e8ncia establertes en la normativa vigent.<\/p><p>Aquesta publicaci\u00f3 es realitza d\u2019acord amb les disposicions de la normativa en mat\u00e8ria de transpar\u00e8ncia aplicable a les entitats benefici\u00e0ries d\u2019ajudes p\u00fabliques.<\/p><ul><li><strong>Expedient<\/strong>: INNEST\/2023\/421<\/li><li><strong>Programa<\/strong>: Programa Comunitat Valenciana Fons Europeu de Desenvolupament Regional (FEDER) 2021-2027<\/li><li><strong>Subvenci\u00f3 concedida<\/strong>: 257.558,00\u20ac<\/li><\/ul>\t\t\t\t\t\t\t\t<\/div>\n\t\t\t\t<\/div>\n\t\t\t\t<\/div>\n\t\t\t\t\t<\/div>\n\t\t\t\t<\/div>\n\t\t\t\t<\/div>\n\t\t","protected":false},"excerpt":{"rendered":"<p>Transparencia Subvenciones Acceso al Portal de Transparencia En cumplimiento de la normativa de transparencia de la Generalitat Valenciana, la informaci\u00f3n relativa a esta ayuda puede consultarse en el Portal de Transparencia \u2013 GVA Oberta: Consultar informaci\u00f3n oficial Cosmos 3D Innovatech International SL ha recibido una subvenci\u00f3n concedida por la Generalitat Valenciana, correspondiente al ejercicio 2023, [&hellip;]<\/p>\n","protected":false},"author":1,"featured_media":0,"parent":0,"menu_order":0,"comment_status":"closed","ping_status":"closed","template":"","meta":{"iawp_total_views":30,"footnotes":""},"class_list":["post-18237","page","type-page","status-publish","hentry"],"yoast_head":"<!-- This site is optimized with the Yoast SEO Premium plugin v26.4 (Yoast SEO v27.0) - https:\/\/yoast.com\/product\/yoast-seo-premium-wordpress\/ -->\n<title>Transparencia | COSMOS 3D<\/title>\n<meta name=\"description\" content=\"Transparencia Subvenciones Acceso al Portal de TransparenciaEn cumplimiento de la normativa de transparencia de la Generalitat Valenciana, la informaci\u00f3n\" \/>\n<meta name=\"robots\" content=\"index, follow, max-snippet:-1, max-image-preview:large, max-video-preview:-1\" \/>\n<link rel=\"canonical\" href=\"https:\/\/cosmos3d.tech\/es\/transparencia\/\" \/>\n<meta property=\"og:locale\" content=\"es_ES\" \/>\n<meta property=\"og:type\" content=\"article\" \/>\n<meta property=\"og:title\" content=\"Transparencia\" \/>\n<meta property=\"og:description\" content=\"Transparencia Subvenciones Acceso al Portal de TransparenciaEn cumplimiento de la normativa de transparencia de la Generalitat Valenciana, la informaci\u00f3n\" \/>\n<meta property=\"og:url\" content=\"https:\/\/cosmos3d.tech\/es\/transparencia\/\" \/>\n<meta property=\"og:site_name\" content=\"Cosmos 3D\" \/>\n<meta property=\"article:modified_time\" content=\"2026-02-17T10:12:04+00:00\" \/>\n<meta property=\"og:image\" content=\"https:\/\/cosmos3d.tech\/wp-content\/uploads\/2026\/ayudas-al-impulso-cv-removebg-preview-1-1.png\" \/>\n\t<meta property=\"og:image:width\" content=\"337\" \/>\n\t<meta property=\"og:image:height\" content=\"118\" \/>\n\t<meta property=\"og:image:type\" content=\"image\/png\" \/>\n<meta name=\"twitter:card\" content=\"summary_large_image\" \/>\n<script type=\"application\/ld+json\" class=\"yoast-schema-graph\">{\"@context\":\"https:\/\/schema.org\",\"@graph\":[{\"@type\":\"WebPage\",\"@id\":\"https:\/\/cosmos3d.tech\/es\/transparencia\/\",\"url\":\"https:\/\/cosmos3d.tech\/es\/transparencia\/\",\"name\":\"Transparencia | COSMOS 3D\",\"isPartOf\":{\"@id\":\"https:\/\/cosmos3d.tech\/#website\"},\"primaryImageOfPage\":{\"@id\":\"https:\/\/cosmos3d.tech\/es\/transparencia\/#primaryimage\"},\"image\":{\"@id\":\"https:\/\/cosmos3d.tech\/es\/transparencia\/#primaryimage\"},\"thumbnailUrl\":\"https:\/\/cosmos3d.tech\/wp-content\/uploads\/2026\/ayudas-al-impulso-cv-removebg-preview-1-1.png\",\"datePublished\":\"2026-01-30T10:51:59+00:00\",\"dateModified\":\"2026-02-17T10:12:04+00:00\",\"description\":\"Transparencia Subvenciones Acceso al Portal de TransparenciaEn cumplimiento de la normativa de transparencia de la Generalitat Valenciana, la informaci\u00f3n\",\"breadcrumb\":{\"@id\":\"https:\/\/cosmos3d.tech\/es\/transparencia\/#breadcrumb\"},\"inLanguage\":\"es\",\"potentialAction\":[{\"@type\":\"ReadAction\",\"target\":[\"https:\/\/cosmos3d.tech\/es\/transparencia\/\"]}]},{\"@type\":\"ImageObject\",\"inLanguage\":\"es\",\"@id\":\"https:\/\/cosmos3d.tech\/es\/transparencia\/#primaryimage\",\"url\":\"https:\/\/cosmos3d.tech\/wp-content\/uploads\/2026\/ayudas-al-impulso-cv-removebg-preview-1-1.png\",\"contentUrl\":\"https:\/\/cosmos3d.tech\/wp-content\/uploads\/2026\/ayudas-al-impulso-cv-removebg-preview-1-1.png\"},{\"@type\":\"BreadcrumbList\",\"@id\":\"https:\/\/cosmos3d.tech\/es\/transparencia\/#breadcrumb\",\"itemListElement\":[{\"@type\":\"ListItem\",\"position\":1,\"name\":\"Portada\",\"item\":\"https:\/\/cosmos3d.tech\/\"},{\"@type\":\"ListItem\",\"position\":2,\"name\":\"Transparencia\"}]},{\"@type\":\"WebSite\",\"@id\":\"https:\/\/cosmos3d.tech\/#website\",\"url\":\"https:\/\/cosmos3d.tech\/\",\"name\":\"Cosmos 3D\",\"description\":\"Soluciones de impresi\u00f3n 3D para la construcci\u00f3n\",\"publisher\":{\"@id\":\"https:\/\/cosmos3d.tech\/#organization\"},\"alternateName\":\"Cosmos 3D Innovatech\",\"potentialAction\":[{\"@type\":\"SearchAction\",\"target\":{\"@type\":\"EntryPoint\",\"urlTemplate\":\"https:\/\/cosmos3d.tech\/?s={search_term_string}\"},\"query-input\":{\"@type\":\"PropertyValueSpecification\",\"valueRequired\":true,\"valueName\":\"search_term_string\"}}],\"inLanguage\":\"es\"},{\"@type\":[\"Organization\",\"Place\",\"HomeAndConstructionBusiness\"],\"@id\":\"https:\/\/cosmos3d.tech\/#organization\",\"name\":\"Cosmos 3D Innovatech\",\"alternateName\":\"Cosmos 3D\",\"url\":\"https:\/\/cosmos3d.tech\/\",\"logo\":{\"@id\":\"https:\/\/cosmos3d.tech\/es\/transparencia\/#local-main-organization-logo\"},\"image\":{\"@id\":\"https:\/\/cosmos3d.tech\/es\/transparencia\/#local-main-organization-logo\"},\"sameAs\":[\"https:\/\/www.instagram.com\/cosmos3d_tech\/\",\"https:\/\/www.linkedin.com\/company\/cosmos-3d\/\",\"https:\/\/www.youtube.com\/channel\/UCp6lU-qgQ041c0EyNGDQ_GQ\"],\"description\":\"En Cosmos 3D apostamos por la innovaci\u00f3n mediante tecnolog\u00eda de impresi\u00f3n 3D avanzada, proporcionando soluciones eficientes y sostenibles que est\u00e1n revolucionando el sector de la construcci\u00f3n. Nuestros sistemas de impresi\u00f3n 3D aseguran rapidez, precisi\u00f3n y fiabilidad, ofreciendo una clara ventaja competitiva en cada obra. Desde estructuras modulares hasta viviendas impresas a gran escala, brindamos soluciones completas para proyectos de construcci\u00f3n con impresi\u00f3n 3D (3DCP). Adem\u00e1s, mantenemos un firme compromiso con el medio ambiente y la sostenibilidad, participando en iniciativas internacionales como la UN COP28 y contribuyendo a una industria de la construcci\u00f3n m\u00e1s responsable.\",\"legalName\":\"Cosmos 3D Innovatech International\",\"foundingDate\":\"2023-06-12\",\"numberOfEmployees\":{\"@type\":\"QuantitativeValue\",\"minValue\":\"1\",\"maxValue\":\"10\"},\"address\":{\"@id\":\"https:\/\/cosmos3d.tech\/es\/transparencia\/#local-main-place-address\"},\"geo\":{\"@type\":\"GeoCoordinates\",\"latitude\":\"39.67995785\",\"longitude\":\"0.27841866\"},\"telephone\":[\"(+34) 96 118 83 30\"],\"openingHoursSpecification\":[{\"@type\":\"OpeningHoursSpecification\",\"dayOfWeek\":[\"Monday\",\"Tuesday\",\"Wednesday\",\"Thursday\",\"Friday\"],\"opens\":\"09:00\",\"closes\":\"18:00\"},{\"@type\":\"OpeningHoursSpecification\",\"dayOfWeek\":[\"Saturday\",\"Sunday\"],\"opens\":\"00:00\",\"closes\":\"00:00\"}],\"email\":\"info@cosmos3d.com\"},{\"@type\":\"PostalAddress\",\"@id\":\"https:\/\/cosmos3d.tech\/es\/transparencia\/#local-main-place-address\",\"streetAddress\":\"Sierra Calderona 1\",\"addressLocality\":\"Puerto Sagunto\",\"postalCode\":\"46520\",\"addressRegion\":\"Valencia\",\"addressCountry\":\"ES\"},{\"@type\":\"ImageObject\",\"inLanguage\":\"es\",\"@id\":\"https:\/\/cosmos3d.tech\/es\/transparencia\/#local-main-organization-logo\",\"url\":\"https:\/\/cosmos3d.tech\/wp-content\/uploads\/2023\/06\/icono-logo-cosmos-blanco-azul.png\",\"contentUrl\":\"https:\/\/cosmos3d.tech\/wp-content\/uploads\/2023\/06\/icono-logo-cosmos-blanco-azul.png\",\"width\":792,\"height\":538,\"caption\":\"Cosmos 3D Innovatech\"}]}<\/script>\n<meta name=\"geo.placename\" content=\"Puerto Sagunto\" \/>\n<meta name=\"geo.position\" content=\"39.67995785;0.27841866\" \/>\n<meta name=\"geo.region\" content=\"Espa\u00f1a\" \/>\n<!-- \/ Yoast SEO Premium plugin. -->","yoast_head_json":{"title":"Transparencia | COSMOS 3D","description":"Transparencia Subvenciones Acceso al Portal de TransparenciaEn cumplimiento de la normativa de transparencia de la Generalitat Valenciana, la informaci\u00f3n","robots":{"index":"index","follow":"follow","max-snippet":"max-snippet:-1","max-image-preview":"max-image-preview:large","max-video-preview":"max-video-preview:-1"},"canonical":"https:\/\/cosmos3d.tech\/es\/transparencia\/","og_locale":"es_ES","og_type":"article","og_title":"Transparencia","og_description":"Transparencia Subvenciones Acceso al Portal de TransparenciaEn cumplimiento de la normativa de transparencia de la Generalitat Valenciana, la informaci\u00f3n","og_url":"https:\/\/cosmos3d.tech\/es\/transparencia\/","og_site_name":"Cosmos 3D","article_modified_time":"2026-02-17T10:12:04+00:00","og_image":[{"width":337,"height":118,"url":"https:\/\/cosmos3d.tech\/wp-content\/uploads\/2026\/ayudas-al-impulso-cv-removebg-preview-1-1.png","type":"image\/png"}],"twitter_card":"summary_large_image","schema":{"@context":"https:\/\/schema.org","@graph":[{"@type":"WebPage","@id":"https:\/\/cosmos3d.tech\/es\/transparencia\/","url":"https:\/\/cosmos3d.tech\/es\/transparencia\/","name":"Transparencia | COSMOS 3D","isPartOf":{"@id":"https:\/\/cosmos3d.tech\/#website"},"primaryImageOfPage":{"@id":"https:\/\/cosmos3d.tech\/es\/transparencia\/#primaryimage"},"image":{"@id":"https:\/\/cosmos3d.tech\/es\/transparencia\/#primaryimage"},"thumbnailUrl":"https:\/\/cosmos3d.tech\/wp-content\/uploads\/2026\/ayudas-al-impulso-cv-removebg-preview-1-1.png","datePublished":"2026-01-30T10:51:59+00:00","dateModified":"2026-02-17T10:12:04+00:00","description":"Transparencia Subvenciones Acceso al Portal de TransparenciaEn cumplimiento de la normativa de transparencia de la Generalitat Valenciana, la informaci\u00f3n","breadcrumb":{"@id":"https:\/\/cosmos3d.tech\/es\/transparencia\/#breadcrumb"},"inLanguage":"es","potentialAction":[{"@type":"ReadAction","target":["https:\/\/cosmos3d.tech\/es\/transparencia\/"]}]},{"@type":"ImageObject","inLanguage":"es","@id":"https:\/\/cosmos3d.tech\/es\/transparencia\/#primaryimage","url":"https:\/\/cosmos3d.tech\/wp-content\/uploads\/2026\/ayudas-al-impulso-cv-removebg-preview-1-1.png","contentUrl":"https:\/\/cosmos3d.tech\/wp-content\/uploads\/2026\/ayudas-al-impulso-cv-removebg-preview-1-1.png"},{"@type":"BreadcrumbList","@id":"https:\/\/cosmos3d.tech\/es\/transparencia\/#breadcrumb","itemListElement":[{"@type":"ListItem","position":1,"name":"Portada","item":"https:\/\/cosmos3d.tech\/"},{"@type":"ListItem","position":2,"name":"Transparencia"}]},{"@type":"WebSite","@id":"https:\/\/cosmos3d.tech\/#website","url":"https:\/\/cosmos3d.tech\/","name":"Cosmos 3D","description":"Soluciones de impresi\u00f3n 3D para la construcci\u00f3n","publisher":{"@id":"https:\/\/cosmos3d.tech\/#organization"},"alternateName":"Cosmos 3D Innovatech","potentialAction":[{"@type":"SearchAction","target":{"@type":"EntryPoint","urlTemplate":"https:\/\/cosmos3d.tech\/?s={search_term_string}"},"query-input":{"@type":"PropertyValueSpecification","valueRequired":true,"valueName":"search_term_string"}}],"inLanguage":"es"},{"@type":["Organization","Place","HomeAndConstructionBusiness"],"@id":"https:\/\/cosmos3d.tech\/#organization","name":"Cosmos 3D Innovatech","alternateName":"Cosmos 3D","url":"https:\/\/cosmos3d.tech\/","logo":{"@id":"https:\/\/cosmos3d.tech\/es\/transparencia\/#local-main-organization-logo"},"image":{"@id":"https:\/\/cosmos3d.tech\/es\/transparencia\/#local-main-organization-logo"},"sameAs":["https:\/\/www.instagram.com\/cosmos3d_tech\/","https:\/\/www.linkedin.com\/company\/cosmos-3d\/","https:\/\/www.youtube.com\/channel\/UCp6lU-qgQ041c0EyNGDQ_GQ"],"description":"En Cosmos 3D apostamos por la innovaci\u00f3n mediante tecnolog\u00eda de impresi\u00f3n 3D avanzada, proporcionando soluciones eficientes y sostenibles que est\u00e1n revolucionando el sector de la construcci\u00f3n. Nuestros sistemas de impresi\u00f3n 3D aseguran rapidez, precisi\u00f3n y fiabilidad, ofreciendo una clara ventaja competitiva en cada obra. Desde estructuras modulares hasta viviendas impresas a gran escala, brindamos soluciones completas para proyectos de construcci\u00f3n con impresi\u00f3n 3D (3DCP). Adem\u00e1s, mantenemos un firme compromiso con el medio ambiente y la sostenibilidad, participando en iniciativas internacionales como la UN COP28 y contribuyendo a una industria de la construcci\u00f3n m\u00e1s responsable.","legalName":"Cosmos 3D Innovatech International","foundingDate":"2023-06-12","numberOfEmployees":{"@type":"QuantitativeValue","minValue":"1","maxValue":"10"},"address":{"@id":"https:\/\/cosmos3d.tech\/es\/transparencia\/#local-main-place-address"},"geo":{"@type":"GeoCoordinates","latitude":"39.67995785","longitude":"0.27841866"},"telephone":["(+34) 96 118 83 30"],"openingHoursSpecification":[{"@type":"OpeningHoursSpecification","dayOfWeek":["Monday","Tuesday","Wednesday","Thursday","Friday"],"opens":"09:00","closes":"18:00"},{"@type":"OpeningHoursSpecification","dayOfWeek":["Saturday","Sunday"],"opens":"00:00","closes":"00:00"}],"email":"info@cosmos3d.com"},{"@type":"PostalAddress","@id":"https:\/\/cosmos3d.tech\/es\/transparencia\/#local-main-place-address","streetAddress":"Sierra Calderona 1","addressLocality":"Puerto Sagunto","postalCode":"46520","addressRegion":"Valencia","addressCountry":"ES"},{"@type":"ImageObject","inLanguage":"es","@id":"https:\/\/cosmos3d.tech\/es\/transparencia\/#local-main-organization-logo","url":"https:\/\/cosmos3d.tech\/wp-content\/uploads\/2023\/06\/icono-logo-cosmos-blanco-azul.png","contentUrl":"https:\/\/cosmos3d.tech\/wp-content\/uploads\/2023\/06\/icono-logo-cosmos-blanco-azul.png","width":792,"height":538,"caption":"Cosmos 3D Innovatech"}]},"geo.placename":"Puerto Sagunto","geo.position":{"lat":"39.67995785","long":"0.27841866"},"geo.region":"Espa\u00f1a"},"_links":{"self":[{"href":"https:\/\/cosmos3d.tech\/es\/wp-json\/wp\/v2\/pages\/18237","targetHints":{"allow":["GET"]}}],"collection":[{"href":"https:\/\/cosmos3d.tech\/es\/wp-json\/wp\/v2\/pages"}],"about":[{"href":"https:\/\/cosmos3d.tech\/es\/wp-json\/wp\/v2\/types\/page"}],"author":[{"embeddable":true,"href":"https:\/\/cosmos3d.tech\/es\/wp-json\/wp\/v2\/users\/1"}],"replies":[{"embeddable":true,"href":"https:\/\/cosmos3d.tech\/es\/wp-json\/wp\/v2\/comments?post=18237"}],"version-history":[{"count":98,"href":"https:\/\/cosmos3d.tech\/es\/wp-json\/wp\/v2\/pages\/18237\/revisions"}],"predecessor-version":[{"id":19775,"href":"https:\/\/cosmos3d.tech\/es\/wp-json\/wp\/v2\/pages\/18237\/revisions\/19775"}],"wp:attachment":[{"href":"https:\/\/cosmos3d.tech\/es\/wp-json\/wp\/v2\/media?parent=18237"}],"curies":[{"name":"wp","href":"https:\/\/api.w.org\/{rel}","templated":true}]}}