{"id":4863,"date":"2023-07-04T10:06:52","date_gmt":"2023-07-04T08:06:52","guid":{"rendered":"https:\/\/cosmos3d.tech\/politica-cookies\/"},"modified":"2026-01-27T11:37:51","modified_gmt":"2026-01-27T10:37:51","slug":"politica-cookies","status":"publish","type":"page","link":"https:\/\/cosmos3d.tech\/pt-br\/politica-cookies\/","title":{"rendered":"Pol\u00edtica de Cookies"},"content":{"rendered":"<h1 style=\"margin-top:60px;\">Pol\u00edtica de Cookies<\/h1>\n<p class=\"p1\"><span class=\"s1\"><b>A COSMOS 3D INNOVATECH INTERNATIONAL S.L<\/b> usa cookies para melhorar a experi\u00eancia dos visitantes de nossos sites e publicou uma nova pol\u00edtica de cookies. Ele explica o que s\u00e3o cookies e como os usamos em nossos sites.<\/span><\/p>\n<p class=\"p1\"><span class=\"s1\"><b>O que \u00e9 um biscoito?<\/b><\/span><\/p>\n<p class=\"p1\"><span class=\"s1\">Cookies s\u00e3o pequenos arquivos, compostos de uma sequ\u00eancia de letras e n\u00fameros, \u00e0s vezes colocados em seu computador por servidores de p\u00e1ginas da web. Eles permitem que o propriet\u00e1rio do site o diferencie de outros usu\u00e1rios do site. Os cookies n\u00e3o podem ser executados como c\u00f3digo e n\u00e3o cont\u00eam v\u00edrus que nos permitam acessar seu disco r\u00edgido. Desta forma, n\u00e3o \u00e9 poss\u00edvel para n\u00f3s acessar as informa\u00e7\u00f5es em seu disco r\u00edgido, mesmo que os cookies sejam armazenados nele.<\/span><\/p>\n<p class=\"p1\"><span class=\"s1\">Este site usa &#8216;cookies&#8217; pr\u00f3prios e de terceiros para oferecer uma melhor experi\u00eancia e servi\u00e7o. Ao navegar ou usar nossos servi\u00e7os, voc\u00ea aceita nosso uso deles. Voc\u00ea pode alterar suas configura\u00e7\u00f5es de cookies a qualquer momento.<\/span><\/p>\n<p class=\"p1\"><span class=\"s1\"><b>Como s\u00e3o usados os cookies?<\/b><\/span><\/p>\n<p class=\"p1\"><span class=\"s1\">Os dados gerados por meio de cookies nas p\u00e1ginas da web do<b> COSMOS 3D INNOVATECH INTERNATIONAL S.L<\/b> podem ser usados para diversos fins, incluindo os seguintes:<\/span><\/p>\n<ul>\n<li class=\"li2\"><span class=\"s1\">Para usos estritamente necess\u00e1rios: Esses cookies s\u00e3o essenciais para voc\u00ea navegar no site e usar seus recursos, como acessar \u00e1reas seguras do site, lembrar itens da sua lista de compras, lembrar em que ponto da solicita\u00e7\u00e3o voc\u00ea encontra<\/span><\/li>\n<li class=\"li3\"><span class=\"s1\">Desempenho: os cookies coletam informa\u00e7\u00f5es sobre como os visitantes usam um site, por exemplo, quais p\u00e1ginas os visitantes acessam com mais frequ\u00eancia e se recebem mensagens de erro. Esses cookies s\u00e3o usados para melhorar um site em vers\u00f5es futuras, melhorar a experi\u00eancia do usu\u00e1rio, melhorar o funcionamento do site reduzindo o tempo de carregamento das p\u00e1ginas que voc\u00ea visita.<\/span><\/li>\n<li class=\"li3\"><span class=\"s1\">Funcionalidade: Esses cookies permitem que o site se lembre das decis\u00f5es que voc\u00ea toma ao acess\u00e1-lo, como seu nome de usu\u00e1rio ou idioma, e fornecem uma melhor experi\u00eancia do usu\u00e1rio. garantir que a apar\u00eancia do site seja consistente, garantir sua seguran\u00e7a ao fazer login<\/span><\/li>\n<li class=\"li3\"><span class=\"s1\">Segmenta\u00e7\u00e3o ou publicidade: esses cookies s\u00e3o usados para fornecer o conte\u00fado mais relevante para voc\u00ea e seus interesses.<\/span><\/li>\n<\/ul>\n<p class=\"p1\"><span class=\"s1\">N\u00e3o permitimos que terceiros anunciem em nosso site, mas n\u00e3o podemos controlar os anunciantes autorizados pelos provedores de servi\u00e7os de Internet a anunciar enquanto voc\u00ea navega na Internet.<\/span><\/p>\n<p class=\"p5\"><span class=\"s1\"><b>Tipos de cookies usados<\/b><\/span><\/p>\n<p class=\"p5\"><span class=\"s1\">Este site usa cookies de sess\u00e3o tempor\u00e1ria e cookies permanentes. Os cookies de sess\u00e3o armazenam dados apenas enquanto o usu\u00e1rio acessa a Web e os cookies permanentes armazenam dados no terminal para que possam ser acessados e usados em mais de uma sess\u00e3o.<\/span><\/p>\n<p class=\"p5\"><span class=\"s1\">Consoante a finalidade para a qual s\u00e3o tratados os dados obtidos atrav\u00e9s de cookies, o Site pode utilizar:<\/span><\/p>\n<p class=\"p7\"><span class=\"s1\"><b><i>cookies t\u00e9cnicos<\/i><\/b><\/span><\/p>\n<p class=\"p7\"><span class=\"s1\">S\u00e3o aquelas que permitem ao usu\u00e1rio a navega\u00e7\u00e3o pela p\u00e1gina ou aplica\u00e7\u00e3o Web e a utiliza\u00e7\u00e3o das diferentes op\u00e7\u00f5es ou servi\u00e7os nela existentes. Por exemplo, controlar o tr\u00e1fego e a comunica\u00e7\u00e3o de dados, identificar a sess\u00e3o, acessar Web parts de acesso restrito, lembrar os elementos que comp\u00f5em um pedido, fazer a solicita\u00e7\u00e3o de inscri\u00e7\u00e3o ou participa\u00e7\u00e3o em um evento, utilizar elementos de seguran\u00e7a durante a navega\u00e7\u00e3o e armazenar conte\u00fados para o difus\u00e3o de v\u00eddeos ou som.<\/span><\/p>\n<p class=\"p7\"><span class=\"s1\"><b><i>cookies de personaliza\u00e7\u00e3o<\/i><\/b><\/span><\/p>\n<p class=\"p7\"><span class=\"s1\">S\u00e3o aqueles que permitem ao utilizador aceder ao servi\u00e7o com algumas caracter\u00edsticas gerais pr\u00e9-definidas no seu terminal ou que o pr\u00f3prio utilizador defina. Por exemplo, o idioma, o tipo de navegador atrav\u00e9s do qual voc\u00ea acessa o servi\u00e7o, o design do conte\u00fado selecionado, a geolocaliza\u00e7\u00e3o do terminal e a configura\u00e7\u00e3o regional a partir da qual o servi\u00e7o \u00e9 acessado.<\/span><\/p>\n<p class=\"p7\"><span class=\"s1\"><b><i>cookies de publicidade<\/i><\/b><\/span><\/p>\n<p class=\"p7\"><span class=\"s1\">S\u00e3o os que permitem a gest\u00e3o eficaz dos espa\u00e7os publicit\u00e1rios que se tenham inclu\u00eddo na p\u00e1gina Web ou aplica\u00e7\u00e3o a partir da qual se presta o servi\u00e7o. Permitem adaptar o conte\u00fado da publicidade para que seja relevante para o utilizador e evitar a apresenta\u00e7\u00e3o de an\u00fancios que o utilizador j\u00e1 tenha visto.<\/span><\/p>\n<p class=\"p7\"><span class=\"s1\"><b><i>Cookies de an\u00e1lise estat\u00edstica<\/i><\/b><\/span><\/p>\n<p class=\"p7\"><span class=\"s1\">S\u00e3o aqueles que permitem monitorar e analisar o comportamento dos usu\u00e1rios nos sites. A informa\u00e7\u00e3o recolhida atrav\u00e9s deste tipo de cookie \u00e9 utilizada para medir a atividade de sites, aplica\u00e7\u00f5es ou plataformas e para criar perfis de navega\u00e7\u00e3o dos utilizadores dos referidos sites, com o objetivo de introduzir melhorias no servi\u00e7o com base nos dados de utiliza\u00e7\u00e3o efetuados pelos utilizadores.<\/span><\/p>\n<p class=\"p9\"><span class=\"s1\"><b><i>Cookies de terceiros<\/i><\/b><\/span><\/p>\n<p class=\"p9\"><span class=\"s1\">Cookies de terceiros podem ser instalados em algumas p\u00e1ginas da Web que permitem gerenciar e melhorar os servi\u00e7os oferecidos. Como, por exemplo, servi\u00e7os estat\u00edsticos do Google Analytics.<\/span><\/p>\n<p class=\"p9\"><span class=\"s3\"><strong>Cookies usados<\/strong><\/span><\/p>\n<p class=\"p7\" style=\"padding-left: 30px;\"><span class=\"s1\"><a href=\"http:\/\/colido.es\/wp-content\/uploads\/2019\/01\/cky2018.png\"><img fetchpriority=\"high\" decoding=\"async\" title=\"Cky2018\" class=\"alignleft wp-image-20463 size-full\" src=\"http:\/\/colido.es\/wp-content\/uploads\/2019\/01\/cky2018.png\" alt=\"Cky2018 - Pol\u00edtica de Cookies\" width=\"549\" height=\"421\" \/><\/a><\/span><\/p>\n<p>&nbsp;<\/p>\n<p>&nbsp;<\/p>\n<p>&nbsp;<\/p>\n<p>&nbsp;<\/p>\n<p>&nbsp;<\/p>\n<p>&nbsp;<\/p>\n<p>&nbsp;<\/p>\n<p>&nbsp;<\/p>\n<p>&nbsp;<\/p>\n<p class=\"p12\"><span class=\"s3\"><strong>Gerenciar cookies<\/strong><\/span><span class=\"s1\"><br \/>\n<\/span><\/p>\n<p class=\"p5\"><span class=\"s1\">O utilizador tem a possibilidade de permitir, bloquear ou eliminar os cookies instalados no seu equipamento, configurando as op\u00e7\u00f5es do navegador instalado no seu terminal.<\/span><\/p>\n<p class=\"p5\"><span class=\"s1\">A seguir, oferecemos links onde voc\u00ea encontrar\u00e1 informa\u00e7\u00f5es sobre como ativar suas prefer\u00eancias nos principais navegadores:<\/span><\/p>\n<p><a href=\"https:\/\/support.google.com\/chrome\/answer\/95647?hl=es\">Google Chrome<\/a><br \/>\n<a href=\"http:\/\/support.mozilla.org\/es\/kb\/cookies-informacion-que-los-sitios-web-guardan-en-?redirectlocale=en-US&amp;redirectslug=Cookies\">Mozilla Firefox<\/a><br \/>\n<a href=\"http:\/\/support.microsoft.com\/kb\/196955\/es\">Internet Explorer<\/a><br \/>\n<a href=\"http:\/\/www.apple.com\/es\/privacy\/use-of-cookies\/\">Safari<\/a><br \/>\n<a href=\"http:\/\/www.apple.com\/es\/privacy\/use-of-cookies\/\">Safari para IOS (iPhone, iPad)<\/a><br \/>\n<a href=\"http:\/\/www.macromedia.com\/support\/documentation\/es\/flashplayer\/help\/settings_manager07.html\">Cookies Flash<\/a><br \/>\n<a href=\"https:\/\/www.opera.com\/help\/tutorials\/security\/cookies\/\">Opera<\/a><br \/>\n<a href=\"https:\/\/support.google.com\/chrome\/answer\/2392971?hl=es\">Chrome para Android<\/a><\/p>\n<p class=\"p5\"><span class=\"s1\">Por fim, voc\u00ea pode acessar o portal Your Online Choices Choices onde, al\u00e9m de encontrar informa\u00e7\u00f5es \u00fateis, voc\u00ea pode configurar, provedor por provedor, suas prefer\u00eancias em rela\u00e7\u00e3o aos cookies de publicidade de terceiros.<\/span><\/p>\n<p class=\"p5\"><span class=\"s1\">Em alguns navegadores, \u00e9 poss\u00edvel configurar regras espec\u00edficas para gerenciar cookies por site, o que oferece um controle mais preciso sobre a privacidade. Isso significa que voc\u00ea pode desativar os cookies de todos os sites, exceto aqueles em que voc\u00ea confia.<\/span><\/p>\n","protected":false},"excerpt":{"rendered":"<p>Pol\u00edtica de Cookies A COSMOS 3D INNOVATECH INTERNATIONAL S.L usa cookies para melhorar a experi\u00eancia dos visitantes de nossos sites e publicou uma nova pol\u00edtica de cookies. Ele explica o que s\u00e3o cookies e como os usamos em nossos sites. O que \u00e9 um biscoito? Cookies s\u00e3o pequenos arquivos, compostos de uma sequ\u00eancia de letras [&hellip;]<\/p>\n","protected":false},"author":1,"featured_media":0,"parent":0,"menu_order":0,"comment_status":"closed","ping_status":"closed","template":"","meta":{"iawp_total_views":3,"footnotes":""},"class_list":["post-4863","page","type-page","status-publish","hentry"],"yoast_head":"<!-- This site is optimized with the Yoast SEO Premium plugin v26.4 (Yoast SEO v27.0) - https:\/\/yoast.com\/product\/yoast-seo-premium-wordpress\/ -->\n<title>Pol\u00edtica de Cookies | COSMOS 3D<\/title>\n<meta name=\"description\" content=\"Pol\u00edtica de Cookies A COSMOS 3D INNOVATECH INTERNATIONAL S.L usa cookies para melhorar a experi\u00eancia dos visitantes de nossos sites e publicou uma nova\" \/>\n<meta name=\"robots\" content=\"index, follow, max-snippet:-1, max-image-preview:large, max-video-preview:-1\" \/>\n<link rel=\"canonical\" href=\"https:\/\/cosmos3d.tech\/pt-br\/politica-cookies\/\" \/>\n<meta property=\"og:locale\" content=\"pt_BR\" \/>\n<meta property=\"og:type\" content=\"article\" \/>\n<meta property=\"og:title\" content=\"Pol\u00edtica de Cookies\" \/>\n<meta property=\"og:description\" content=\"Pol\u00edtica de Cookies A COSMOS 3D INNOVATECH INTERNATIONAL S.L usa cookies para melhorar a experi\u00eancia dos visitantes de nossos sites e publicou uma nova\" \/>\n<meta property=\"og:url\" content=\"https:\/\/cosmos3d.tech\/pt-br\/politica-cookies\/\" \/>\n<meta property=\"og:site_name\" content=\"Cosmos 3D\" \/>\n<meta property=\"article:modified_time\" content=\"2026-01-27T10:37:51+00:00\" \/>\n<meta property=\"og:image\" content=\"https:\/\/cosmos3d.tech\/wp-content\/uploads\/2025\/portada-cosmos-3d.jpg\" \/>\n\t<meta property=\"og:image:width\" content=\"1280\" \/>\n\t<meta property=\"og:image:height\" content=\"720\" \/>\n\t<meta property=\"og:image:type\" content=\"image\/jpeg\" \/>\n<meta name=\"twitter:card\" content=\"summary_large_image\" \/>\n<script type=\"application\/ld+json\" class=\"yoast-schema-graph\">{\"@context\":\"https:\/\/schema.org\",\"@graph\":[{\"@type\":\"WebPage\",\"@id\":\"https:\/\/cosmos3d.tech\/pt-br\/politica-cookies\/\",\"url\":\"https:\/\/cosmos3d.tech\/pt-br\/politica-cookies\/\",\"name\":\"Pol\u00edtica de Cookies | COSMOS 3D\",\"isPartOf\":{\"@id\":\"https:\/\/cosmos3d.tech\/#website\"},\"primaryImageOfPage\":{\"@id\":\"https:\/\/cosmos3d.tech\/pt-br\/politica-cookies\/#primaryimage\"},\"image\":{\"@id\":\"https:\/\/cosmos3d.tech\/pt-br\/politica-cookies\/#primaryimage\"},\"thumbnailUrl\":\"http:\/\/colido.es\/wp-content\/uploads\/2019\/01\/cky2018.png\",\"datePublished\":\"2023-07-04T08:06:52+00:00\",\"dateModified\":\"2026-01-27T10:37:51+00:00\",\"description\":\"Pol\u00edtica de Cookies A COSMOS 3D INNOVATECH INTERNATIONAL S.L usa cookies para melhorar a experi\u00eancia dos visitantes de nossos sites e publicou uma nova\",\"breadcrumb\":{\"@id\":\"https:\/\/cosmos3d.tech\/pt-br\/politica-cookies\/#breadcrumb\"},\"inLanguage\":\"pt-BR\",\"potentialAction\":[{\"@type\":\"ReadAction\",\"target\":[\"https:\/\/cosmos3d.tech\/pt-br\/politica-cookies\/\"]}]},{\"@type\":\"ImageObject\",\"inLanguage\":\"pt-BR\",\"@id\":\"https:\/\/cosmos3d.tech\/pt-br\/politica-cookies\/#primaryimage\",\"url\":\"http:\/\/colido.es\/wp-content\/uploads\/2019\/01\/cky2018.png\",\"contentUrl\":\"http:\/\/colido.es\/wp-content\/uploads\/2019\/01\/cky2018.png\"},{\"@type\":\"BreadcrumbList\",\"@id\":\"https:\/\/cosmos3d.tech\/pt-br\/politica-cookies\/#breadcrumb\",\"itemListElement\":[{\"@type\":\"ListItem\",\"position\":1,\"name\":\"Portada\",\"item\":\"https:\/\/cosmos3d.tech\/\"},{\"@type\":\"ListItem\",\"position\":2,\"name\":\"Pol\u00edtica de Cookies\"}]},{\"@type\":\"WebSite\",\"@id\":\"https:\/\/cosmos3d.tech\/#website\",\"url\":\"https:\/\/cosmos3d.tech\/\",\"name\":\"Cosmos 3D\",\"description\":\"Soluciones de impresi\u00f3n 3D para la construcci\u00f3n\",\"publisher\":{\"@id\":\"https:\/\/cosmos3d.tech\/#organization\"},\"alternateName\":\"Cosmos 3D Innovatech\",\"potentialAction\":[{\"@type\":\"SearchAction\",\"target\":{\"@type\":\"EntryPoint\",\"urlTemplate\":\"https:\/\/cosmos3d.tech\/?s={search_term_string}\"},\"query-input\":{\"@type\":\"PropertyValueSpecification\",\"valueRequired\":true,\"valueName\":\"search_term_string\"}}],\"inLanguage\":\"pt-BR\"},{\"@type\":[\"Organization\",\"Place\",\"HomeAndConstructionBusiness\"],\"@id\":\"https:\/\/cosmos3d.tech\/#organization\",\"name\":\"Cosmos 3D Innovatech\",\"alternateName\":\"Cosmos 3D\",\"url\":\"https:\/\/cosmos3d.tech\/\",\"logo\":{\"@id\":\"https:\/\/cosmos3d.tech\/pt-br\/politica-cookies\/#local-main-organization-logo\"},\"image\":{\"@id\":\"https:\/\/cosmos3d.tech\/pt-br\/politica-cookies\/#local-main-organization-logo\"},\"sameAs\":[\"https:\/\/www.instagram.com\/cosmos3d_tech\/\",\"https:\/\/www.linkedin.com\/company\/cosmos-3d\/\",\"https:\/\/www.youtube.com\/channel\/UCp6lU-qgQ041c0EyNGDQ_GQ\"],\"description\":\"En Cosmos 3D apostamos por la innovaci\u00f3n mediante tecnolog\u00eda de impresi\u00f3n 3D avanzada, proporcionando soluciones eficientes y sostenibles que est\u00e1n revolucionando el sector de la construcci\u00f3n. Nuestros sistemas de impresi\u00f3n 3D aseguran rapidez, precisi\u00f3n y fiabilidad, ofreciendo una clara ventaja competitiva en cada obra. Desde estructuras modulares hasta viviendas impresas a gran escala, brindamos soluciones completas para proyectos de construcci\u00f3n con impresi\u00f3n 3D (3DCP). Adem\u00e1s, mantenemos un firme compromiso con el medio ambiente y la sostenibilidad, participando en iniciativas internacionales como la UN COP28 y contribuyendo a una industria de la construcci\u00f3n m\u00e1s responsable.\",\"legalName\":\"Cosmos 3D Innovatech International\",\"foundingDate\":\"2023-06-12\",\"numberOfEmployees\":{\"@type\":\"QuantitativeValue\",\"minValue\":\"1\",\"maxValue\":\"10\"},\"address\":{\"@id\":\"https:\/\/cosmos3d.tech\/pt-br\/politica-cookies\/#local-main-place-address\"},\"geo\":{\"@type\":\"GeoCoordinates\",\"latitude\":\"39.67995785\",\"longitude\":\"0.27841866\"},\"telephone\":[\"(+34) 96 118 83 30\"],\"openingHoursSpecification\":[{\"@type\":\"OpeningHoursSpecification\",\"dayOfWeek\":[\"Monday\",\"Tuesday\",\"Wednesday\",\"Thursday\",\"Friday\"],\"opens\":\"09:00\",\"closes\":\"18:00\"},{\"@type\":\"OpeningHoursSpecification\",\"dayOfWeek\":[\"Saturday\",\"Sunday\"],\"opens\":\"00:00\",\"closes\":\"00:00\"}],\"email\":\"info@cosmos3d.com\"},{\"@type\":\"PostalAddress\",\"@id\":\"https:\/\/cosmos3d.tech\/pt-br\/politica-cookies\/#local-main-place-address\",\"streetAddress\":\"Sierra Calderona 1\",\"addressLocality\":\"Puerto Sagunto\",\"postalCode\":\"46520\",\"addressRegion\":\"Valencia\",\"addressCountry\":\"ES\"},{\"@type\":\"ImageObject\",\"inLanguage\":\"pt-BR\",\"@id\":\"https:\/\/cosmos3d.tech\/pt-br\/politica-cookies\/#local-main-organization-logo\",\"url\":\"https:\/\/cosmos3d.tech\/wp-content\/uploads\/2023\/06\/icono-logo-cosmos-blanco-azul.png\",\"contentUrl\":\"https:\/\/cosmos3d.tech\/wp-content\/uploads\/2023\/06\/icono-logo-cosmos-blanco-azul.png\",\"width\":792,\"height\":538,\"caption\":\"Cosmos 3D Innovatech\"}]}<\/script>\n<meta name=\"geo.placename\" content=\"Puerto Sagunto\" \/>\n<meta name=\"geo.position\" content=\"39.67995785;0.27841866\" \/>\n<meta name=\"geo.region\" content=\"Espanha\" \/>\n<!-- \/ Yoast SEO Premium plugin. -->","yoast_head_json":{"title":"Pol\u00edtica de Cookies | COSMOS 3D","description":"Pol\u00edtica de Cookies A COSMOS 3D INNOVATECH INTERNATIONAL S.L usa cookies para melhorar a experi\u00eancia dos visitantes de nossos sites e publicou uma nova","robots":{"index":"index","follow":"follow","max-snippet":"max-snippet:-1","max-image-preview":"max-image-preview:large","max-video-preview":"max-video-preview:-1"},"canonical":"https:\/\/cosmos3d.tech\/pt-br\/politica-cookies\/","og_locale":"pt_BR","og_type":"article","og_title":"Pol\u00edtica de Cookies","og_description":"Pol\u00edtica de Cookies A COSMOS 3D INNOVATECH INTERNATIONAL S.L usa cookies para melhorar a experi\u00eancia dos visitantes de nossos sites e publicou uma nova","og_url":"https:\/\/cosmos3d.tech\/pt-br\/politica-cookies\/","og_site_name":"Cosmos 3D","article_modified_time":"2026-01-27T10:37:51+00:00","og_image":[{"width":1280,"height":720,"url":"https:\/\/cosmos3d.tech\/wp-content\/uploads\/2025\/portada-cosmos-3d.jpg","type":"image\/jpeg"}],"twitter_card":"summary_large_image","schema":{"@context":"https:\/\/schema.org","@graph":[{"@type":"WebPage","@id":"https:\/\/cosmos3d.tech\/pt-br\/politica-cookies\/","url":"https:\/\/cosmos3d.tech\/pt-br\/politica-cookies\/","name":"Pol\u00edtica de Cookies | COSMOS 3D","isPartOf":{"@id":"https:\/\/cosmos3d.tech\/#website"},"primaryImageOfPage":{"@id":"https:\/\/cosmos3d.tech\/pt-br\/politica-cookies\/#primaryimage"},"image":{"@id":"https:\/\/cosmos3d.tech\/pt-br\/politica-cookies\/#primaryimage"},"thumbnailUrl":"http:\/\/colido.es\/wp-content\/uploads\/2019\/01\/cky2018.png","datePublished":"2023-07-04T08:06:52+00:00","dateModified":"2026-01-27T10:37:51+00:00","description":"Pol\u00edtica de Cookies A COSMOS 3D INNOVATECH INTERNATIONAL S.L usa cookies para melhorar a experi\u00eancia dos visitantes de nossos sites e publicou uma nova","breadcrumb":{"@id":"https:\/\/cosmos3d.tech\/pt-br\/politica-cookies\/#breadcrumb"},"inLanguage":"pt-BR","potentialAction":[{"@type":"ReadAction","target":["https:\/\/cosmos3d.tech\/pt-br\/politica-cookies\/"]}]},{"@type":"ImageObject","inLanguage":"pt-BR","@id":"https:\/\/cosmos3d.tech\/pt-br\/politica-cookies\/#primaryimage","url":"http:\/\/colido.es\/wp-content\/uploads\/2019\/01\/cky2018.png","contentUrl":"http:\/\/colido.es\/wp-content\/uploads\/2019\/01\/cky2018.png"},{"@type":"BreadcrumbList","@id":"https:\/\/cosmos3d.tech\/pt-br\/politica-cookies\/#breadcrumb","itemListElement":[{"@type":"ListItem","position":1,"name":"Portada","item":"https:\/\/cosmos3d.tech\/"},{"@type":"ListItem","position":2,"name":"Pol\u00edtica de Cookies"}]},{"@type":"WebSite","@id":"https:\/\/cosmos3d.tech\/#website","url":"https:\/\/cosmos3d.tech\/","name":"Cosmos 3D","description":"Soluciones de impresi\u00f3n 3D para la construcci\u00f3n","publisher":{"@id":"https:\/\/cosmos3d.tech\/#organization"},"alternateName":"Cosmos 3D Innovatech","potentialAction":[{"@type":"SearchAction","target":{"@type":"EntryPoint","urlTemplate":"https:\/\/cosmos3d.tech\/?s={search_term_string}"},"query-input":{"@type":"PropertyValueSpecification","valueRequired":true,"valueName":"search_term_string"}}],"inLanguage":"pt-BR"},{"@type":["Organization","Place","HomeAndConstructionBusiness"],"@id":"https:\/\/cosmos3d.tech\/#organization","name":"Cosmos 3D Innovatech","alternateName":"Cosmos 3D","url":"https:\/\/cosmos3d.tech\/","logo":{"@id":"https:\/\/cosmos3d.tech\/pt-br\/politica-cookies\/#local-main-organization-logo"},"image":{"@id":"https:\/\/cosmos3d.tech\/pt-br\/politica-cookies\/#local-main-organization-logo"},"sameAs":["https:\/\/www.instagram.com\/cosmos3d_tech\/","https:\/\/www.linkedin.com\/company\/cosmos-3d\/","https:\/\/www.youtube.com\/channel\/UCp6lU-qgQ041c0EyNGDQ_GQ"],"description":"En Cosmos 3D apostamos por la innovaci\u00f3n mediante tecnolog\u00eda de impresi\u00f3n 3D avanzada, proporcionando soluciones eficientes y sostenibles que est\u00e1n revolucionando el sector de la construcci\u00f3n. Nuestros sistemas de impresi\u00f3n 3D aseguran rapidez, precisi\u00f3n y fiabilidad, ofreciendo una clara ventaja competitiva en cada obra. Desde estructuras modulares hasta viviendas impresas a gran escala, brindamos soluciones completas para proyectos de construcci\u00f3n con impresi\u00f3n 3D (3DCP). Adem\u00e1s, mantenemos un firme compromiso con el medio ambiente y la sostenibilidad, participando en iniciativas internacionales como la UN COP28 y contribuyendo a una industria de la construcci\u00f3n m\u00e1s responsable.","legalName":"Cosmos 3D Innovatech International","foundingDate":"2023-06-12","numberOfEmployees":{"@type":"QuantitativeValue","minValue":"1","maxValue":"10"},"address":{"@id":"https:\/\/cosmos3d.tech\/pt-br\/politica-cookies\/#local-main-place-address"},"geo":{"@type":"GeoCoordinates","latitude":"39.67995785","longitude":"0.27841866"},"telephone":["(+34) 96 118 83 30"],"openingHoursSpecification":[{"@type":"OpeningHoursSpecification","dayOfWeek":["Monday","Tuesday","Wednesday","Thursday","Friday"],"opens":"09:00","closes":"18:00"},{"@type":"OpeningHoursSpecification","dayOfWeek":["Saturday","Sunday"],"opens":"00:00","closes":"00:00"}],"email":"info@cosmos3d.com"},{"@type":"PostalAddress","@id":"https:\/\/cosmos3d.tech\/pt-br\/politica-cookies\/#local-main-place-address","streetAddress":"Sierra Calderona 1","addressLocality":"Puerto Sagunto","postalCode":"46520","addressRegion":"Valencia","addressCountry":"ES"},{"@type":"ImageObject","inLanguage":"pt-BR","@id":"https:\/\/cosmos3d.tech\/pt-br\/politica-cookies\/#local-main-organization-logo","url":"https:\/\/cosmos3d.tech\/wp-content\/uploads\/2023\/06\/icono-logo-cosmos-blanco-azul.png","contentUrl":"https:\/\/cosmos3d.tech\/wp-content\/uploads\/2023\/06\/icono-logo-cosmos-blanco-azul.png","width":792,"height":538,"caption":"Cosmos 3D Innovatech"}]},"geo.placename":"Puerto Sagunto","geo.position":{"lat":"39.67995785","long":"0.27841866"},"geo.region":"Espanha"},"_links":{"self":[{"href":"https:\/\/cosmos3d.tech\/pt-br\/wp-json\/wp\/v2\/pages\/4863","targetHints":{"allow":["GET"]}}],"collection":[{"href":"https:\/\/cosmos3d.tech\/pt-br\/wp-json\/wp\/v2\/pages"}],"about":[{"href":"https:\/\/cosmos3d.tech\/pt-br\/wp-json\/wp\/v2\/types\/page"}],"author":[{"embeddable":true,"href":"https:\/\/cosmos3d.tech\/pt-br\/wp-json\/wp\/v2\/users\/1"}],"replies":[{"embeddable":true,"href":"https:\/\/cosmos3d.tech\/pt-br\/wp-json\/wp\/v2\/comments?post=4863"}],"version-history":[{"count":1,"href":"https:\/\/cosmos3d.tech\/pt-br\/wp-json\/wp\/v2\/pages\/4863\/revisions"}],"predecessor-version":[{"id":17775,"href":"https:\/\/cosmos3d.tech\/pt-br\/wp-json\/wp\/v2\/pages\/4863\/revisions\/17775"}],"wp:attachment":[{"href":"https:\/\/cosmos3d.tech\/pt-br\/wp-json\/wp\/v2\/media?parent=4863"}],"curies":[{"name":"wp","href":"https:\/\/api.w.org\/{rel}","templated":true}]}}